{"id":17,"date":"2017-05-31T10:05:06","date_gmt":"2017-05-31T08:05:06","guid":{"rendered":"https:\/\/xychu.sytes.net\/wordpress\/?page_id=17"},"modified":"2018-07-11T20:56:30","modified_gmt":"2018-07-11T18:56:30","slug":"o-nas","status":"publish","type":"page","link":"https:\/\/modelarzeolsztyn.pl\/index.php\/o-nas\/","title":{"rendered":"Kilka s\u0142\u00f3w o nas"},"content":{"rendered":"<p>Jeste\u015bmy grupk\u0105 zapale\u0144c\u00f3w kochaj\u0105cych modelarstwo.\u00a0 Bola\u0142o nas to, \u017ce mimo i\u017c pochodzimy z dosy\u0107 du\u017cego miasta, to nie istnieje \u017cadne stowarzyszenie skupiaj\u0105ce modelarzy. Postanowili\u015bmy to zmieni\u0107 i w 2016 roku powo\u0142ane zosta\u0142o nasze Stowarzyszenie.<\/p>\n<p>Nasze stowarzyszenie zosta\u0142o za\u0142o\u017cone w grudniu 2016 roku przez nast\u0119puj\u0105cych modelarzy:<\/p>\n<p>Andrzej Lis Kujawski &#8211; prezes<\/p>\n<p>Piotr\u00a0 &#8222;Piotreq&#8221; Targo\u0144ski &#8211; wiceprezes<\/p>\n<p>Andrzej\u00a0&#8222;Bruner&#8221; Buder &#8211; skarbnik<\/p>\n<p>Leszek &#8222;Lesio&#8221; Chabrowski<\/p>\n<p>Krzysztof &#8222;Xychu&#8221; Magrel<\/p>\n<p>\u0141ukasz &#8222;Rucek&#8221; Rudzki<br \/>\n<del datetime=\"2018-07-11T18:55:20+00:00\"><br \/>\nKamil &#8222;Waszka&#8221; Waszczy\u0144ski<\/del><\/p>\n<p>W 2017 roku do\u0142\u0105czy\u0142 do nas \u0141ukasz &#8222;Hlivva&#8221; Hliwa<\/p>\n<p>Niestety w drugiej po\u0142owie\u00a0 roku 2017 Kamil opu\u015bci\u0142 nasze szeregi.<\/p>\n<p>27 kwietnia 2018 roku do stowarzyszenia zosta\u0142 przyj\u0119ty nowy cz\u0142onek &#8211; Wies\u0142aw Zawada.<\/p>\n<p>&nbsp;<\/p>\n<p>Dzia\u0142amy oficjalnie i w zgodzie z polskim prawem o stowarzyszeniach.<\/p>\n<p>Nasze stowarzyszenie w money.pl :<\/p>\n<p><a href=\"https:\/\/www.money.pl\/rejestr-firm\/nip\/739-38-93-486\/kod-pocztowy\/10-173\/\" target=\"_blank\" rel=\"noopener\">Link<\/a><\/p>\n<p>&nbsp;<\/p>\n<p>Poni\u017cej galerie kilku naszych prac:<\/p>\n\r\n\t\t<div class=\"aigpl-gallery-album-wrp aigpl-gallery-album aigpl-clearfix aigpl-album-design-1 \" id=\"aigpl-gallery-1\">\r\n\r\n\t\t\r\n<div class=\"aigpl-cnt-wrp aigpl-col-3 aigpl-columns aigpl-first\">\r\n\t<div class=\"aigpl-inr-wrp\">\r\n\r\n\t\t<div class=\"aigpl-img-wrp\" style=\"\">\r\n\t\t\t<a class=\"aigpl-img-link\" href=\"https:\/\/modelarzeolsztyn.pl\/index.php\/o-nas\/?album=487&#038;album_ses=1#aigpl-album-gallery-1\" target=\"_self\">\r\n\t\t\t\t\t\t\t\t<img decoding=\"async\" class=\"aigpl-img\"  src=\"https:\/\/modelarzeolsztyn.pl\/wp-content\/uploads\/2018\/05\/20180126_142139.png\" alt=\"Wiesiek\" \/>\r\n\t\t\t\t\t\t\t<\/a>\r\n\t\t<\/div>\r\n\r\n\t\t\t\t\t<a class=\"aigpl-img-link\" href=\"https:\/\/modelarzeolsztyn.pl\/index.php\/o-nas\/?album=487&#038;album_ses=1#aigpl-album-gallery-1\" target=\"_self\">\r\n\t\t\t\t<div class=\"aigpl-img-title aigpl-center\">Wiesiek<\/div>\r\n\t\t\t<\/a>\r\n\t\t\t\t<div class=\"aigpl-img-count aigpl-center\">9 Photos<\/div>\r\n\t\t\t<\/div>\r\n<\/div>\r\n<div class=\"aigpl-cnt-wrp aigpl-col-3 aigpl-columns\">\r\n\t<div class=\"aigpl-inr-wrp\">\r\n\r\n\t\t<div class=\"aigpl-img-wrp\" style=\"\">\r\n\t\t\t<a class=\"aigpl-img-link\" href=\"https:\/\/modelarzeolsztyn.pl\/index.php\/o-nas\/?album=282&#038;album_ses=1#aigpl-album-gallery-1\" target=\"_self\">\r\n\t\t\t\t\t\t\t\t<img decoding=\"async\" class=\"aigpl-img\"  src=\"https:\/\/modelarzeolsztyn.pl\/wp-content\/uploads\/2017\/09\/IMG_9510.jpg\" alt=\"Leszeq\" \/>\r\n\t\t\t\t\t\t\t<\/a>\r\n\t\t<\/div>\r\n\r\n\t\t\t\t\t<a class=\"aigpl-img-link\" href=\"https:\/\/modelarzeolsztyn.pl\/index.php\/o-nas\/?album=282&#038;album_ses=1#aigpl-album-gallery-1\" target=\"_self\">\r\n\t\t\t\t<div class=\"aigpl-img-title aigpl-center\">Leszeq<\/div>\r\n\t\t\t<\/a>\r\n\t\t\t\t<div class=\"aigpl-img-count aigpl-center\">14 Photos<\/div>\r\n\t\t\t<\/div>\r\n<\/div>\r\n<div class=\"aigpl-cnt-wrp aigpl-col-3 aigpl-columns\">\r\n\t<div class=\"aigpl-inr-wrp\">\r\n\r\n\t\t<div class=\"aigpl-img-wrp\" style=\"\">\r\n\t\t\t<a class=\"aigpl-img-link\" href=\"https:\/\/modelarzeolsztyn.pl\/index.php\/o-nas\/?album=263&#038;album_ses=1#aigpl-album-gallery-1\" target=\"_self\">\r\n\t\t\t\t\t\t\t\t<img decoding=\"async\" class=\"aigpl-img\"  src=\"https:\/\/modelarzeolsztyn.pl\/wp-content\/uploads\/2017\/09\/Typhoon2.jpg\" alt=\"\u0141ukasz Hliwa\" \/>\r\n\t\t\t\t\t\t\t<\/a>\r\n\t\t<\/div>\r\n\r\n\t\t\t\t\t<a class=\"aigpl-img-link\" href=\"https:\/\/modelarzeolsztyn.pl\/index.php\/o-nas\/?album=263&#038;album_ses=1#aigpl-album-gallery-1\" target=\"_self\">\r\n\t\t\t\t<div class=\"aigpl-img-title aigpl-center\">\u0141ukasz Hliwa<\/div>\r\n\t\t\t<\/a>\r\n\t\t\t\t<div class=\"aigpl-img-count aigpl-center\">8 Photos<\/div>\r\n\t\t\t<\/div>\r\n<\/div>\r\n<div class=\"aigpl-cnt-wrp aigpl-col-3 aigpl-columns aigpl-first\">\r\n\t<div class=\"aigpl-inr-wrp\">\r\n\r\n\t\t<div class=\"aigpl-img-wrp\" style=\"\">\r\n\t\t\t<a class=\"aigpl-img-link\" href=\"https:\/\/modelarzeolsztyn.pl\/index.php\/o-nas\/?album=220&#038;album_ses=1#aigpl-album-gallery-1\" target=\"_self\">\r\n\t\t\t\t\t\t\t\t<img decoding=\"async\" class=\"aigpl-img\"  src=\"https:\/\/modelarzeolsztyn.pl\/wp-content\/uploads\/2017\/08\/dsc_2258_29769362544_o.jpg\" alt=\"Xychu\" \/>\r\n\t\t\t\t\t\t\t<\/a>\r\n\t\t<\/div>\r\n\r\n\t\t\t\t\t<a class=\"aigpl-img-link\" href=\"https:\/\/modelarzeolsztyn.pl\/index.php\/o-nas\/?album=220&#038;album_ses=1#aigpl-album-gallery-1\" target=\"_self\">\r\n\t\t\t\t<div class=\"aigpl-img-title aigpl-center\">Xychu<\/div>\r\n\t\t\t<\/a>\r\n\t\t\t\t<div class=\"aigpl-img-count aigpl-center\">7 Photos<\/div>\r\n\t\t\t<\/div>\r\n<\/div>\r\n<div class=\"aigpl-cnt-wrp aigpl-col-3 aigpl-columns\">\r\n\t<div class=\"aigpl-inr-wrp\">\r\n\r\n\t\t<div class=\"aigpl-img-wrp\" style=\"\">\r\n\t\t\t<a class=\"aigpl-img-link\" href=\"https:\/\/modelarzeolsztyn.pl\/index.php\/o-nas\/?album=195&#038;album_ses=1#aigpl-album-gallery-1\" target=\"_self\">\r\n\t\t\t\t\t\t\t\t<img decoding=\"async\" class=\"aigpl-img\"  src=\"https:\/\/modelarzeolsztyn.pl\/wp-content\/uploads\/2017\/08\/DSC_3357.jpg\" alt=\"Piotreq\" \/>\r\n\t\t\t\t\t\t\t<\/a>\r\n\t\t<\/div>\r\n\r\n\t\t\t\t\t<a class=\"aigpl-img-link\" href=\"https:\/\/modelarzeolsztyn.pl\/index.php\/o-nas\/?album=195&#038;album_ses=1#aigpl-album-gallery-1\" target=\"_self\">\r\n\t\t\t\t<div class=\"aigpl-img-title aigpl-center\">Piotreq<\/div>\r\n\t\t\t<\/a>\r\n\t\t\t\t<div class=\"aigpl-img-count aigpl-center\">22 Photos<\/div>\r\n\t\t\t<\/div>\r\n<\/div>\r\n\t\t<\/div><!-- end .aigpl-gallery-album-wrp -->\r\n\r\n\t\n","protected":false},"excerpt":{"rendered":"<p>Jeste\u015bmy grupk\u0105 zapale\u0144c\u00f3w kochaj\u0105cych modelarstwo.\u00a0 Bola\u0142o nas to, \u017ce mimo i\u017c pochodzimy z dosy\u0107 du\u017cego miasta, to nie istnieje \u017cadne stowarzyszenie skupiaj\u0105ce modelarzy. Postanowili\u015bmy to zmieni\u0107 i w 2016 roku powo\u0142ane zosta\u0142o nasze Stowarzyszenie. Nasze stowarzyszenie zosta\u0142o za\u0142o\u017cone w grudniu 2016 roku przez nast\u0119puj\u0105cych modelarzy: Andrzej Lis Kujawski &#8211; prezes Piotr\u00a0 &#8222;Piotreq&#8221; Targo\u0144ski &#8211; wiceprezes<a class=\"moretag\" href=\"https:\/\/modelarzeolsztyn.pl\/?post_type=aigpl_gallery&#038;p=195\"><span class=\"screen-reader-text\">Wi\u0119cej oPiotreq<\/span>[&#8230;]<\/a><\/p>\n","protected":false},"author":1,"featured_media":129,"parent":0,"menu_order":0,"comment_status":"closed","ping_status":"closed","template":"","meta":{"footnotes":""},"yoast_head":"<!-- This site is optimized with the Yoast SEO plugin v24.5 - https:\/\/yoast.com\/wordpress\/plugins\/seo\/ -->\n<title>Kilka s\u0142\u00f3w o nas - Olszty\u0144skie Stowarzyszenie Modelarzy &quot;Warmia&quot;<\/title>\n<meta name=\"robots\" content=\"index, follow, max-snippet:-1, max-image-preview:large, max-video-preview:-1\" \/>\n<link rel=\"canonical\" href=\"https:\/\/modelarzeolsztyn.pl\/index.php\/o-nas\/\" \/>\n<meta property=\"og:locale\" content=\"pl_PL\" \/>\n<meta property=\"og:type\" content=\"article\" \/>\n<meta property=\"og:title\" content=\"Kilka s\u0142\u00f3w o nas - Olszty\u0144skie Stowarzyszenie Modelarzy &quot;Warmia&quot;\" \/>\n<meta property=\"og:description\" content=\"Jeste\u015bmy grupk\u0105 zapale\u0144c\u00f3w kochaj\u0105cych modelarstwo.\u00a0 Bola\u0142o nas to, \u017ce mimo i\u017c pochodzimy z dosy\u0107 du\u017cego miasta, to nie istnieje \u017cadne stowarzyszenie skupiaj\u0105ce modelarzy. Postanowili\u015bmy to zmieni\u0107 i w 2016 roku powo\u0142ane zosta\u0142o nasze Stowarzyszenie. Nasze stowarzyszenie zosta\u0142o za\u0142o\u017cone w grudniu 2016 roku przez nast\u0119puj\u0105cych modelarzy: Andrzej Lis Kujawski &#8211; prezes Piotr\u00a0 &#8222;Piotreq&#8221; Targo\u0144ski &#8211; wiceprezesWi\u0119cej oPiotreq[...]\" \/>\n<meta property=\"og:url\" content=\"https:\/\/modelarzeolsztyn.pl\/index.php\/o-nas\/\" \/>\n<meta property=\"og:site_name\" content=\"Olszty\u0144skie Stowarzyszenie Modelarzy &quot;Warmia&quot;\" \/>\n<meta property=\"article:publisher\" content=\"https:\/\/www.facebook.com\/Olszty%c5%84skie-Stowarzyszenie-Modelarzy-Warmia-1049089618478093\/\" \/>\n<meta property=\"article:modified_time\" content=\"2018-07-11T18:56:30+00:00\" \/>\n<meta property=\"og:image\" content=\"https:\/\/modelarzeolsztyn.pl\/wp-content\/uploads\/2017\/05\/DSC_8948.jpg\" \/>\n\t<meta property=\"og:image:width\" content=\"1450\" \/>\n\t<meta property=\"og:image:height\" content=\"872\" \/>\n\t<meta property=\"og:image:type\" content=\"image\/jpeg\" \/>\n<meta name=\"twitter:card\" content=\"summary_large_image\" \/>\n<meta name=\"twitter:label1\" content=\"Szacowany czas czytania\" \/>\n\t<meta name=\"twitter:data1\" content=\"1 minuta\" \/>\n<script type=\"application\/ld+json\" class=\"yoast-schema-graph\">{\"@context\":\"https:\/\/schema.org\",\"@graph\":[{\"@type\":\"WebPage\",\"@id\":\"https:\/\/modelarzeolsztyn.pl\/index.php\/o-nas\/\",\"url\":\"https:\/\/modelarzeolsztyn.pl\/index.php\/o-nas\/\",\"name\":\"Kilka s\u0142\u00f3w o nas - Olszty\u0144skie Stowarzyszenie Modelarzy &quot;Warmia&quot;\",\"isPartOf\":{\"@id\":\"https:\/\/modelarzeolsztyn.pl\/#website\"},\"primaryImageOfPage\":{\"@id\":\"https:\/\/modelarzeolsztyn.pl\/index.php\/o-nas\/#primaryimage\"},\"image\":{\"@id\":\"https:\/\/modelarzeolsztyn.pl\/index.php\/o-nas\/#primaryimage\"},\"thumbnailUrl\":\"https:\/\/modelarzeolsztyn.pl\/wp-content\/uploads\/2017\/05\/DSC_8948.jpg\",\"datePublished\":\"2017-05-31T08:05:06+00:00\",\"dateModified\":\"2018-07-11T18:56:30+00:00\",\"breadcrumb\":{\"@id\":\"https:\/\/modelarzeolsztyn.pl\/index.php\/o-nas\/#breadcrumb\"},\"inLanguage\":\"pl-PL\",\"potentialAction\":[{\"@type\":\"ReadAction\",\"target\":[\"https:\/\/modelarzeolsztyn.pl\/index.php\/o-nas\/\"]}]},{\"@type\":\"ImageObject\",\"inLanguage\":\"pl-PL\",\"@id\":\"https:\/\/modelarzeolsztyn.pl\/index.php\/o-nas\/#primaryimage\",\"url\":\"https:\/\/modelarzeolsztyn.pl\/wp-content\/uploads\/2017\/05\/DSC_8948.jpg\",\"contentUrl\":\"https:\/\/modelarzeolsztyn.pl\/wp-content\/uploads\/2017\/05\/DSC_8948.jpg\",\"width\":1450,\"height\":872},{\"@type\":\"BreadcrumbList\",\"@id\":\"https:\/\/modelarzeolsztyn.pl\/index.php\/o-nas\/#breadcrumb\",\"itemListElement\":[{\"@type\":\"ListItem\",\"position\":1,\"name\":\"Strona g\u0142\u00f3wna\",\"item\":\"https:\/\/modelarzeolsztyn.pl\/\"},{\"@type\":\"ListItem\",\"position\":2,\"name\":\"Kilka s\u0142\u00f3w o nas\"}]},{\"@type\":\"WebSite\",\"@id\":\"https:\/\/modelarzeolsztyn.pl\/#website\",\"url\":\"https:\/\/modelarzeolsztyn.pl\/\",\"name\":\"Olszty\u0144skie Stowarzyszenie Modelarzy &quot;Warmia&quot;\",\"description\":\"Witryna stowarzyszenia zapale\u0144c\u00f3w modelarskich z Olsztyna i okolic\",\"publisher\":{\"@id\":\"https:\/\/modelarzeolsztyn.pl\/#organization\"},\"potentialAction\":[{\"@type\":\"SearchAction\",\"target\":{\"@type\":\"EntryPoint\",\"urlTemplate\":\"https:\/\/modelarzeolsztyn.pl\/?s={search_term_string}\"},\"query-input\":{\"@type\":\"PropertyValueSpecification\",\"valueRequired\":true,\"valueName\":\"search_term_string\"}}],\"inLanguage\":\"pl-PL\"},{\"@type\":\"Organization\",\"@id\":\"https:\/\/modelarzeolsztyn.pl\/#organization\",\"name\":\"Olszty\u0144skie Stowarzyszenie Modelarzy \\\"Warmia\\\"\",\"url\":\"https:\/\/modelarzeolsztyn.pl\/\",\"logo\":{\"@type\":\"ImageObject\",\"inLanguage\":\"pl-PL\",\"@id\":\"https:\/\/modelarzeolsztyn.pl\/#\/schema\/logo\/image\/\",\"url\":\"https:\/\/modelarzeolsztyn.pl\/wp-content\/uploads\/2017\/08\/cropped-logoprzez.png\",\"contentUrl\":\"https:\/\/modelarzeolsztyn.pl\/wp-content\/uploads\/2017\/08\/cropped-logoprzez.png\",\"width\":512,\"height\":512,\"caption\":\"Olszty\u0144skie Stowarzyszenie Modelarzy \\\"Warmia\\\"\"},\"image\":{\"@id\":\"https:\/\/modelarzeolsztyn.pl\/#\/schema\/logo\/image\/\"},\"sameAs\":[\"https:\/\/www.facebook.com\/Olszty\u0144skie-Stowarzyszenie-Modelarzy-Warmia-1049089618478093\/\"]}]}<\/script>\n<!-- \/ Yoast SEO plugin. -->","yoast_head_json":{"title":"Kilka s\u0142\u00f3w o nas - Olszty\u0144skie Stowarzyszenie Modelarzy &quot;Warmia&quot;","robots":{"index":"index","follow":"follow","max-snippet":"max-snippet:-1","max-image-preview":"max-image-preview:large","max-video-preview":"max-video-preview:-1"},"canonical":"https:\/\/modelarzeolsztyn.pl\/index.php\/o-nas\/","og_locale":"pl_PL","og_type":"article","og_title":"Kilka s\u0142\u00f3w o nas - Olszty\u0144skie Stowarzyszenie Modelarzy &quot;Warmia&quot;","og_description":"Jeste\u015bmy grupk\u0105 zapale\u0144c\u00f3w kochaj\u0105cych modelarstwo.\u00a0 Bola\u0142o nas to, \u017ce mimo i\u017c pochodzimy z dosy\u0107 du\u017cego miasta, to nie istnieje \u017cadne stowarzyszenie skupiaj\u0105ce modelarzy. Postanowili\u015bmy to zmieni\u0107 i w 2016 roku powo\u0142ane zosta\u0142o nasze Stowarzyszenie. Nasze stowarzyszenie zosta\u0142o za\u0142o\u017cone w grudniu 2016 roku przez nast\u0119puj\u0105cych modelarzy: Andrzej Lis Kujawski &#8211; prezes Piotr\u00a0 &#8222;Piotreq&#8221; Targo\u0144ski &#8211; wiceprezesWi\u0119cej oPiotreq[...]","og_url":"https:\/\/modelarzeolsztyn.pl\/index.php\/o-nas\/","og_site_name":"Olszty\u0144skie Stowarzyszenie Modelarzy &quot;Warmia&quot;","article_publisher":"https:\/\/www.facebook.com\/Olszty%c5%84skie-Stowarzyszenie-Modelarzy-Warmia-1049089618478093\/","article_modified_time":"2018-07-11T18:56:30+00:00","og_image":[{"width":1450,"height":872,"url":"https:\/\/modelarzeolsztyn.pl\/wp-content\/uploads\/2017\/05\/DSC_8948.jpg","type":"image\/jpeg"}],"twitter_card":"summary_large_image","twitter_misc":{"Szacowany czas czytania":"1 minuta"},"schema":{"@context":"https:\/\/schema.org","@graph":[{"@type":"WebPage","@id":"https:\/\/modelarzeolsztyn.pl\/index.php\/o-nas\/","url":"https:\/\/modelarzeolsztyn.pl\/index.php\/o-nas\/","name":"Kilka s\u0142\u00f3w o nas - Olszty\u0144skie Stowarzyszenie Modelarzy &quot;Warmia&quot;","isPartOf":{"@id":"https:\/\/modelarzeolsztyn.pl\/#website"},"primaryImageOfPage":{"@id":"https:\/\/modelarzeolsztyn.pl\/index.php\/o-nas\/#primaryimage"},"image":{"@id":"https:\/\/modelarzeolsztyn.pl\/index.php\/o-nas\/#primaryimage"},"thumbnailUrl":"https:\/\/modelarzeolsztyn.pl\/wp-content\/uploads\/2017\/05\/DSC_8948.jpg","datePublished":"2017-05-31T08:05:06+00:00","dateModified":"2018-07-11T18:56:30+00:00","breadcrumb":{"@id":"https:\/\/modelarzeolsztyn.pl\/index.php\/o-nas\/#breadcrumb"},"inLanguage":"pl-PL","potentialAction":[{"@type":"ReadAction","target":["https:\/\/modelarzeolsztyn.pl\/index.php\/o-nas\/"]}]},{"@type":"ImageObject","inLanguage":"pl-PL","@id":"https:\/\/modelarzeolsztyn.pl\/index.php\/o-nas\/#primaryimage","url":"https:\/\/modelarzeolsztyn.pl\/wp-content\/uploads\/2017\/05\/DSC_8948.jpg","contentUrl":"https:\/\/modelarzeolsztyn.pl\/wp-content\/uploads\/2017\/05\/DSC_8948.jpg","width":1450,"height":872},{"@type":"BreadcrumbList","@id":"https:\/\/modelarzeolsztyn.pl\/index.php\/o-nas\/#breadcrumb","itemListElement":[{"@type":"ListItem","position":1,"name":"Strona g\u0142\u00f3wna","item":"https:\/\/modelarzeolsztyn.pl\/"},{"@type":"ListItem","position":2,"name":"Kilka s\u0142\u00f3w o nas"}]},{"@type":"WebSite","@id":"https:\/\/modelarzeolsztyn.pl\/#website","url":"https:\/\/modelarzeolsztyn.pl\/","name":"Olszty\u0144skie Stowarzyszenie Modelarzy &quot;Warmia&quot;","description":"Witryna stowarzyszenia zapale\u0144c\u00f3w modelarskich z Olsztyna i okolic","publisher":{"@id":"https:\/\/modelarzeolsztyn.pl\/#organization"},"potentialAction":[{"@type":"SearchAction","target":{"@type":"EntryPoint","urlTemplate":"https:\/\/modelarzeolsztyn.pl\/?s={search_term_string}"},"query-input":{"@type":"PropertyValueSpecification","valueRequired":true,"valueName":"search_term_string"}}],"inLanguage":"pl-PL"},{"@type":"Organization","@id":"https:\/\/modelarzeolsztyn.pl\/#organization","name":"Olszty\u0144skie Stowarzyszenie Modelarzy \"Warmia\"","url":"https:\/\/modelarzeolsztyn.pl\/","logo":{"@type":"ImageObject","inLanguage":"pl-PL","@id":"https:\/\/modelarzeolsztyn.pl\/#\/schema\/logo\/image\/","url":"https:\/\/modelarzeolsztyn.pl\/wp-content\/uploads\/2017\/08\/cropped-logoprzez.png","contentUrl":"https:\/\/modelarzeolsztyn.pl\/wp-content\/uploads\/2017\/08\/cropped-logoprzez.png","width":512,"height":512,"caption":"Olszty\u0144skie Stowarzyszenie Modelarzy \"Warmia\""},"image":{"@id":"https:\/\/modelarzeolsztyn.pl\/#\/schema\/logo\/image\/"},"sameAs":["https:\/\/www.facebook.com\/Olszty\u0144skie-Stowarzyszenie-Modelarzy-Warmia-1049089618478093\/"]}]}},"_links":{"self":[{"href":"https:\/\/modelarzeolsztyn.pl\/index.php\/wp-json\/wp\/v2\/pages\/17"}],"collection":[{"href":"https:\/\/modelarzeolsztyn.pl\/index.php\/wp-json\/wp\/v2\/pages"}],"about":[{"href":"https:\/\/modelarzeolsztyn.pl\/index.php\/wp-json\/wp\/v2\/types\/page"}],"author":[{"embeddable":true,"href":"https:\/\/modelarzeolsztyn.pl\/index.php\/wp-json\/wp\/v2\/users\/1"}],"replies":[{"embeddable":true,"href":"https:\/\/modelarzeolsztyn.pl\/index.php\/wp-json\/wp\/v2\/comments?post=17"}],"version-history":[{"count":18,"href":"https:\/\/modelarzeolsztyn.pl\/index.php\/wp-json\/wp\/v2\/pages\/17\/revisions"}],"predecessor-version":[{"id":1433,"href":"https:\/\/modelarzeolsztyn.pl\/index.php\/wp-json\/wp\/v2\/pages\/17\/revisions\/1433"}],"wp:featuredmedia":[{"embeddable":true,"href":"https:\/\/modelarzeolsztyn.pl\/index.php\/wp-json\/wp\/v2\/media\/129"}],"wp:attachment":[{"href":"https:\/\/modelarzeolsztyn.pl\/index.php\/wp-json\/wp\/v2\/media?parent=17"}],"curies":[{"name":"wp","href":"https:\/\/api.w.org\/{rel}","templated":true}]}}