{"id":18,"date":"2017-05-30T10:05:06","date_gmt":"2017-05-30T08:05:06","guid":{"rendered":"https:\/\/xychu.sytes.net\/wordpress\/?page_id=18"},"modified":"2019-02-19T21:13:20","modified_gmt":"2019-02-19T20:13:20","slug":"kontakt","status":"publish","type":"page","link":"https:\/\/modelarzeolsztyn.pl\/index.php\/kontakt\/","title":{"rendered":"Kontakt"},"content":{"rendered":"<p>Chcia\u0142by\u015b do nas do\u0142\u0105czy\u0107? A mo\u017ce chcesz nam co\u015b przekaza\u0107?<br \/>\nNie kr\u0119puj si\u0119 i skorzystaj z formularza kontaktowego!<br \/>\n\n\t\t<div id=\"intergeo_map3UjM\" class=\"intergeo_map_canvas\" style=\"width:100%;height:300px;width:100%;height:300px;\"><\/div>\n\t\t<script type=\"text\/javascript\">\n\t\t\t\/* <![CDATA[ *\/\n\t\t\tif (!window.intergeo_maps) window.intergeo_maps = [];\n\t\t\twindow.intergeo_maps.push( { container: 'intergeo_map3UjM', options: {\"lat\":53.785958447008,\"lng\":20.46588286001,\"zoom\":15,\"overlays\":{\"marker\":[{\"position\":[\"53.785958\",\"20.465883\"],\"icon\":false,\"info\":\"<p>Znajdziesz nas w Olsztynie, najpewniejszy spos\\u00f3b by si\\u0119 z nami skontaktowa\\u0107 to formularz kontaktowy na stronie!<br><\\\/p>\",\"title\":\"Siedziba stowarzyszenia\",\"loc\":\"Olsztyn, ul. Le\\u015bna 14\"}]}} } );\n\t\t\tif (!window.intergeo_maps_current) window.intergeo_maps_current = null;\n\t\t\t\/* ]]> *\/\n\t\t<\/script>\n\t\t<\/p>\n","protected":false},"excerpt":{"rendered":"<p>Chcia\u0142by\u015b do nas do\u0142\u0105czy\u0107? A mo\u017ce chcesz nam co\u015b przekaza\u0107? Nie kr\u0119puj si\u0119 i skorzystaj z formularza kontaktowego!<\/p>\n","protected":false},"author":1,"featured_media":0,"parent":0,"menu_order":0,"comment_status":"closed","ping_status":"closed","template":"template-contact.php","meta":{"footnotes":""},"yoast_head":"<!-- This site is optimized with the Yoast SEO plugin v24.5 - https:\/\/yoast.com\/wordpress\/plugins\/seo\/ -->\n<title>Kontakt - Olszty\u0144skie Stowarzyszenie Modelarzy &quot;Warmia&quot;<\/title>\n<meta name=\"robots\" content=\"index, follow, max-snippet:-1, max-image-preview:large, max-video-preview:-1\" \/>\n<link rel=\"canonical\" href=\"https:\/\/modelarzeolsztyn.pl\/index.php\/kontakt\/\" \/>\n<meta property=\"og:locale\" content=\"pl_PL\" \/>\n<meta property=\"og:type\" content=\"article\" \/>\n<meta property=\"og:title\" content=\"Kontakt - Olszty\u0144skie Stowarzyszenie Modelarzy &quot;Warmia&quot;\" \/>\n<meta property=\"og:description\" content=\"Chcia\u0142by\u015b do nas do\u0142\u0105czy\u0107? A mo\u017ce chcesz nam co\u015b przekaza\u0107? Nie kr\u0119puj si\u0119 i skorzystaj z formularza kontaktowego!\" \/>\n<meta property=\"og:url\" content=\"https:\/\/modelarzeolsztyn.pl\/index.php\/kontakt\/\" \/>\n<meta property=\"og:site_name\" content=\"Olszty\u0144skie Stowarzyszenie Modelarzy &quot;Warmia&quot;\" \/>\n<meta property=\"article:publisher\" content=\"https:\/\/www.facebook.com\/Olszty%c5%84skie-Stowarzyszenie-Modelarzy-Warmia-1049089618478093\/\" \/>\n<meta property=\"article:modified_time\" content=\"2019-02-19T20:13:20+00:00\" \/>\n<meta name=\"twitter:card\" content=\"summary_large_image\" \/>\n<script type=\"application\/ld+json\" class=\"yoast-schema-graph\">{\"@context\":\"https:\/\/schema.org\",\"@graph\":[{\"@type\":\"WebPage\",\"@id\":\"https:\/\/modelarzeolsztyn.pl\/index.php\/kontakt\/\",\"url\":\"https:\/\/modelarzeolsztyn.pl\/index.php\/kontakt\/\",\"name\":\"Kontakt - Olszty\u0144skie Stowarzyszenie Modelarzy &quot;Warmia&quot;\",\"isPartOf\":{\"@id\":\"https:\/\/modelarzeolsztyn.pl\/#website\"},\"datePublished\":\"2017-05-30T08:05:06+00:00\",\"dateModified\":\"2019-02-19T20:13:20+00:00\",\"breadcrumb\":{\"@id\":\"https:\/\/modelarzeolsztyn.pl\/index.php\/kontakt\/#breadcrumb\"},\"inLanguage\":\"pl-PL\",\"potentialAction\":[{\"@type\":\"ReadAction\",\"target\":[\"https:\/\/modelarzeolsztyn.pl\/index.php\/kontakt\/\"]}]},{\"@type\":\"BreadcrumbList\",\"@id\":\"https:\/\/modelarzeolsztyn.pl\/index.php\/kontakt\/#breadcrumb\",\"itemListElement\":[{\"@type\":\"ListItem\",\"position\":1,\"name\":\"Strona g\u0142\u00f3wna\",\"item\":\"https:\/\/modelarzeolsztyn.pl\/\"},{\"@type\":\"ListItem\",\"position\":2,\"name\":\"Kontakt\"}]},{\"@type\":\"WebSite\",\"@id\":\"https:\/\/modelarzeolsztyn.pl\/#website\",\"url\":\"https:\/\/modelarzeolsztyn.pl\/\",\"name\":\"Olszty\u0144skie Stowarzyszenie Modelarzy &quot;Warmia&quot;\",\"description\":\"Witryna stowarzyszenia zapale\u0144c\u00f3w modelarskich z Olsztyna i okolic\",\"publisher\":{\"@id\":\"https:\/\/modelarzeolsztyn.pl\/#organization\"},\"potentialAction\":[{\"@type\":\"SearchAction\",\"target\":{\"@type\":\"EntryPoint\",\"urlTemplate\":\"https:\/\/modelarzeolsztyn.pl\/?s={search_term_string}\"},\"query-input\":{\"@type\":\"PropertyValueSpecification\",\"valueRequired\":true,\"valueName\":\"search_term_string\"}}],\"inLanguage\":\"pl-PL\"},{\"@type\":\"Organization\",\"@id\":\"https:\/\/modelarzeolsztyn.pl\/#organization\",\"name\":\"Olszty\u0144skie Stowarzyszenie Modelarzy \\\"Warmia\\\"\",\"url\":\"https:\/\/modelarzeolsztyn.pl\/\",\"logo\":{\"@type\":\"ImageObject\",\"inLanguage\":\"pl-PL\",\"@id\":\"https:\/\/modelarzeolsztyn.pl\/#\/schema\/logo\/image\/\",\"url\":\"https:\/\/modelarzeolsztyn.pl\/wp-content\/uploads\/2017\/08\/cropped-logoprzez.png\",\"contentUrl\":\"https:\/\/modelarzeolsztyn.pl\/wp-content\/uploads\/2017\/08\/cropped-logoprzez.png\",\"width\":512,\"height\":512,\"caption\":\"Olszty\u0144skie Stowarzyszenie Modelarzy \\\"Warmia\\\"\"},\"image\":{\"@id\":\"https:\/\/modelarzeolsztyn.pl\/#\/schema\/logo\/image\/\"},\"sameAs\":[\"https:\/\/www.facebook.com\/Olszty\u0144skie-Stowarzyszenie-Modelarzy-Warmia-1049089618478093\/\"]}]}<\/script>\n<!-- \/ Yoast SEO plugin. -->","yoast_head_json":{"title":"Kontakt - Olszty\u0144skie Stowarzyszenie Modelarzy &quot;Warmia&quot;","robots":{"index":"index","follow":"follow","max-snippet":"max-snippet:-1","max-image-preview":"max-image-preview:large","max-video-preview":"max-video-preview:-1"},"canonical":"https:\/\/modelarzeolsztyn.pl\/index.php\/kontakt\/","og_locale":"pl_PL","og_type":"article","og_title":"Kontakt - Olszty\u0144skie Stowarzyszenie Modelarzy &quot;Warmia&quot;","og_description":"Chcia\u0142by\u015b do nas do\u0142\u0105czy\u0107? A mo\u017ce chcesz nam co\u015b przekaza\u0107? Nie kr\u0119puj si\u0119 i skorzystaj z formularza kontaktowego!","og_url":"https:\/\/modelarzeolsztyn.pl\/index.php\/kontakt\/","og_site_name":"Olszty\u0144skie Stowarzyszenie Modelarzy &quot;Warmia&quot;","article_publisher":"https:\/\/www.facebook.com\/Olszty%c5%84skie-Stowarzyszenie-Modelarzy-Warmia-1049089618478093\/","article_modified_time":"2019-02-19T20:13:20+00:00","twitter_card":"summary_large_image","schema":{"@context":"https:\/\/schema.org","@graph":[{"@type":"WebPage","@id":"https:\/\/modelarzeolsztyn.pl\/index.php\/kontakt\/","url":"https:\/\/modelarzeolsztyn.pl\/index.php\/kontakt\/","name":"Kontakt - Olszty\u0144skie Stowarzyszenie Modelarzy &quot;Warmia&quot;","isPartOf":{"@id":"https:\/\/modelarzeolsztyn.pl\/#website"},"datePublished":"2017-05-30T08:05:06+00:00","dateModified":"2019-02-19T20:13:20+00:00","breadcrumb":{"@id":"https:\/\/modelarzeolsztyn.pl\/index.php\/kontakt\/#breadcrumb"},"inLanguage":"pl-PL","potentialAction":[{"@type":"ReadAction","target":["https:\/\/modelarzeolsztyn.pl\/index.php\/kontakt\/"]}]},{"@type":"BreadcrumbList","@id":"https:\/\/modelarzeolsztyn.pl\/index.php\/kontakt\/#breadcrumb","itemListElement":[{"@type":"ListItem","position":1,"name":"Strona g\u0142\u00f3wna","item":"https:\/\/modelarzeolsztyn.pl\/"},{"@type":"ListItem","position":2,"name":"Kontakt"}]},{"@type":"WebSite","@id":"https:\/\/modelarzeolsztyn.pl\/#website","url":"https:\/\/modelarzeolsztyn.pl\/","name":"Olszty\u0144skie Stowarzyszenie Modelarzy &quot;Warmia&quot;","description":"Witryna stowarzyszenia zapale\u0144c\u00f3w modelarskich z Olsztyna i okolic","publisher":{"@id":"https:\/\/modelarzeolsztyn.pl\/#organization"},"potentialAction":[{"@type":"SearchAction","target":{"@type":"EntryPoint","urlTemplate":"https:\/\/modelarzeolsztyn.pl\/?s={search_term_string}"},"query-input":{"@type":"PropertyValueSpecification","valueRequired":true,"valueName":"search_term_string"}}],"inLanguage":"pl-PL"},{"@type":"Organization","@id":"https:\/\/modelarzeolsztyn.pl\/#organization","name":"Olszty\u0144skie Stowarzyszenie Modelarzy \"Warmia\"","url":"https:\/\/modelarzeolsztyn.pl\/","logo":{"@type":"ImageObject","inLanguage":"pl-PL","@id":"https:\/\/modelarzeolsztyn.pl\/#\/schema\/logo\/image\/","url":"https:\/\/modelarzeolsztyn.pl\/wp-content\/uploads\/2017\/08\/cropped-logoprzez.png","contentUrl":"https:\/\/modelarzeolsztyn.pl\/wp-content\/uploads\/2017\/08\/cropped-logoprzez.png","width":512,"height":512,"caption":"Olszty\u0144skie Stowarzyszenie Modelarzy \"Warmia\""},"image":{"@id":"https:\/\/modelarzeolsztyn.pl\/#\/schema\/logo\/image\/"},"sameAs":["https:\/\/www.facebook.com\/Olszty\u0144skie-Stowarzyszenie-Modelarzy-Warmia-1049089618478093\/"]}]}},"_links":{"self":[{"href":"https:\/\/modelarzeolsztyn.pl\/index.php\/wp-json\/wp\/v2\/pages\/18"}],"collection":[{"href":"https:\/\/modelarzeolsztyn.pl\/index.php\/wp-json\/wp\/v2\/pages"}],"about":[{"href":"https:\/\/modelarzeolsztyn.pl\/index.php\/wp-json\/wp\/v2\/types\/page"}],"author":[{"embeddable":true,"href":"https:\/\/modelarzeolsztyn.pl\/index.php\/wp-json\/wp\/v2\/users\/1"}],"replies":[{"embeddable":true,"href":"https:\/\/modelarzeolsztyn.pl\/index.php\/wp-json\/wp\/v2\/comments?post=18"}],"version-history":[{"count":9,"href":"https:\/\/modelarzeolsztyn.pl\/index.php\/wp-json\/wp\/v2\/pages\/18\/revisions"}],"predecessor-version":[{"id":1424,"href":"https:\/\/modelarzeolsztyn.pl\/index.php\/wp-json\/wp\/v2\/pages\/18\/revisions\/1424"}],"wp:attachment":[{"href":"https:\/\/modelarzeolsztyn.pl\/index.php\/wp-json\/wp\/v2\/media?parent=18"}],"curies":[{"name":"wp","href":"https:\/\/api.w.org\/{rel}","templated":true}]}}