{"id":238,"date":"2017-08-17T10:39:32","date_gmt":"2017-08-17T08:39:32","guid":{"rendered":"https:\/\/xychu.sytes.net\/wordpress\/?page_id=238"},"modified":"2017-08-17T10:53:23","modified_gmt":"2017-08-17T08:53:23","slug":"nasze-sukcesy","status":"publish","type":"page","link":"https:\/\/modelarzeolsztyn.pl\/index.php\/nasze-sukcesy\/","title":{"rendered":"Nasze sukcesy"},"content":{"rendered":"<table class=\"wp-list-table widefat fixed striped posts\">\n<tbody id=\"the-list\">\n<tr id=\"post-240\" class=\"iedit author-self level-0 post-240 type-aigpl_gallery status-publish hentry\">\n<td class=\"taxonomy-aigpl_cat column-taxonomy-aigpl_cat\" data-colname=\"Category\"><span class=\"screen-reader-text\">Brak kategorii<\/span><\/td>\n<td class=\"aigpl_shortcode column-aigpl_shortcode\" data-colname=\"Shortcode\">\n<div class=\"aigpl-shortcode-preview\">\r\n\t\t<div class=\"aigpl-gallery-album-wrp aigpl-gallery-album aigpl-clearfix aigpl-album-design-1 \" id=\"aigpl-gallery-1\">\r\n\r\n\t\t\r\n<div class=\"aigpl-cnt-wrp aigpl-col-3 aigpl-columns aigpl-first\">\r\n\t<div class=\"aigpl-inr-wrp\">\r\n\r\n\t\t<div class=\"aigpl-img-wrp\" style=\"\">\r\n\t\t\t<a class=\"aigpl-img-link\" href=\"https:\/\/modelarzeolsztyn.pl\/index.php\/nasze-sukcesy\/?album=485&#038;album_ses=1#aigpl-album-gallery-1\" target=\"_self\">\r\n\t\t\t\t\t\t\t\t<img decoding=\"async\" class=\"aigpl-img\"  src=\"https:\/\/modelarzeolsztyn.pl\/wp-content\/uploads\/2018\/05\/bytom.jpg\" alt=\"Sukcesy z roku 2018\" \/>\r\n\t\t\t\t\t\t\t<\/a>\r\n\t\t<\/div>\r\n\r\n\t\t\t\t\t<a class=\"aigpl-img-link\" href=\"https:\/\/modelarzeolsztyn.pl\/index.php\/nasze-sukcesy\/?album=485&#038;album_ses=1#aigpl-album-gallery-1\" target=\"_self\">\r\n\t\t\t\t<div class=\"aigpl-img-title aigpl-center\">Sukcesy z roku 2018<\/div>\r\n\t\t\t<\/a>\r\n\t\t\t\t<div class=\"aigpl-img-count aigpl-center\">10 Photos<\/div>\r\n\t\t\t<\/div>\r\n<\/div>\r\n<div class=\"aigpl-cnt-wrp aigpl-col-3 aigpl-columns\">\r\n\t<div class=\"aigpl-inr-wrp\">\r\n\r\n\t\t<div class=\"aigpl-img-wrp\" style=\"\">\r\n\t\t\t<a class=\"aigpl-img-link\" href=\"https:\/\/modelarzeolsztyn.pl\/index.php\/nasze-sukcesy\/?album=240&#038;album_ses=1#aigpl-album-gallery-1\" target=\"_self\">\r\n\t\t\t\t\t\t\t\t<img decoding=\"async\" class=\"aigpl-img\"  src=\"https:\/\/modelarzeolsztyn.pl\/wp-content\/uploads\/2017\/08\/ABLitwa.jpg\" alt=\"Sukcesy z roku 2017\" \/>\r\n\t\t\t\t\t\t\t<\/a>\r\n\t\t<\/div>\r\n\r\n\t\t\t\t\t<a class=\"aigpl-img-link\" href=\"https:\/\/modelarzeolsztyn.pl\/index.php\/nasze-sukcesy\/?album=240&#038;album_ses=1#aigpl-album-gallery-1\" target=\"_self\">\r\n\t\t\t\t<div class=\"aigpl-img-title aigpl-center\">Sukcesy z roku 2017<\/div>\r\n\t\t\t<\/a>\r\n\t\t\t\t<div class=\"aigpl-img-count aigpl-center\">5 Photos<\/div>\r\n\t\t\t<\/div>\r\n<\/div>\r\n\t\t<\/div><!-- end .aigpl-gallery-album-wrp -->\r\n\r\n\t<\/div>\n<\/td>\n<\/tr>\n<\/tbody>\n<\/table>\n","protected":false},"excerpt":{"rendered":"<p>Brak kategorii<\/p>\n","protected":false},"author":1,"featured_media":0,"parent":0,"menu_order":0,"comment_status":"closed","ping_status":"closed","template":"","meta":{"footnotes":""},"yoast_head":"<!-- This site is optimized with the Yoast SEO plugin v24.5 - https:\/\/yoast.com\/wordpress\/plugins\/seo\/ -->\n<title>Nasze sukcesy - Olszty\u0144skie Stowarzyszenie Modelarzy &quot;Warmia&quot;<\/title>\n<meta name=\"robots\" content=\"index, follow, max-snippet:-1, max-image-preview:large, max-video-preview:-1\" \/>\n<link rel=\"canonical\" href=\"https:\/\/modelarzeolsztyn.pl\/index.php\/nasze-sukcesy\/\" \/>\n<meta property=\"og:locale\" content=\"pl_PL\" \/>\n<meta property=\"og:type\" content=\"article\" \/>\n<meta property=\"og:title\" content=\"Nasze sukcesy - Olszty\u0144skie Stowarzyszenie Modelarzy &quot;Warmia&quot;\" \/>\n<meta property=\"og:description\" content=\"Brak kategorii\" \/>\n<meta property=\"og:url\" content=\"https:\/\/modelarzeolsztyn.pl\/index.php\/nasze-sukcesy\/\" \/>\n<meta property=\"og:site_name\" content=\"Olszty\u0144skie Stowarzyszenie Modelarzy &quot;Warmia&quot;\" \/>\n<meta property=\"article:publisher\" content=\"https:\/\/www.facebook.com\/Olszty%c5%84skie-Stowarzyszenie-Modelarzy-Warmia-1049089618478093\/\" \/>\n<meta property=\"article:modified_time\" content=\"2017-08-17T08:53:23+00:00\" \/>\n<meta name=\"twitter:card\" content=\"summary_large_image\" \/>\n<script type=\"application\/ld+json\" class=\"yoast-schema-graph\">{\"@context\":\"https:\/\/schema.org\",\"@graph\":[{\"@type\":\"WebPage\",\"@id\":\"https:\/\/modelarzeolsztyn.pl\/index.php\/nasze-sukcesy\/\",\"url\":\"https:\/\/modelarzeolsztyn.pl\/index.php\/nasze-sukcesy\/\",\"name\":\"Nasze sukcesy - Olszty\u0144skie Stowarzyszenie Modelarzy &quot;Warmia&quot;\",\"isPartOf\":{\"@id\":\"https:\/\/modelarzeolsztyn.pl\/#website\"},\"datePublished\":\"2017-08-17T08:39:32+00:00\",\"dateModified\":\"2017-08-17T08:53:23+00:00\",\"breadcrumb\":{\"@id\":\"https:\/\/modelarzeolsztyn.pl\/index.php\/nasze-sukcesy\/#breadcrumb\"},\"inLanguage\":\"pl-PL\",\"potentialAction\":[{\"@type\":\"ReadAction\",\"target\":[\"https:\/\/modelarzeolsztyn.pl\/index.php\/nasze-sukcesy\/\"]}]},{\"@type\":\"BreadcrumbList\",\"@id\":\"https:\/\/modelarzeolsztyn.pl\/index.php\/nasze-sukcesy\/#breadcrumb\",\"itemListElement\":[{\"@type\":\"ListItem\",\"position\":1,\"name\":\"Strona g\u0142\u00f3wna\",\"item\":\"https:\/\/modelarzeolsztyn.pl\/\"},{\"@type\":\"ListItem\",\"position\":2,\"name\":\"Nasze sukcesy\"}]},{\"@type\":\"WebSite\",\"@id\":\"https:\/\/modelarzeolsztyn.pl\/#website\",\"url\":\"https:\/\/modelarzeolsztyn.pl\/\",\"name\":\"Olszty\u0144skie Stowarzyszenie Modelarzy &quot;Warmia&quot;\",\"description\":\"Witryna stowarzyszenia zapale\u0144c\u00f3w modelarskich z Olsztyna i okolic\",\"publisher\":{\"@id\":\"https:\/\/modelarzeolsztyn.pl\/#organization\"},\"potentialAction\":[{\"@type\":\"SearchAction\",\"target\":{\"@type\":\"EntryPoint\",\"urlTemplate\":\"https:\/\/modelarzeolsztyn.pl\/?s={search_term_string}\"},\"query-input\":{\"@type\":\"PropertyValueSpecification\",\"valueRequired\":true,\"valueName\":\"search_term_string\"}}],\"inLanguage\":\"pl-PL\"},{\"@type\":\"Organization\",\"@id\":\"https:\/\/modelarzeolsztyn.pl\/#organization\",\"name\":\"Olszty\u0144skie Stowarzyszenie Modelarzy \\\"Warmia\\\"\",\"url\":\"https:\/\/modelarzeolsztyn.pl\/\",\"logo\":{\"@type\":\"ImageObject\",\"inLanguage\":\"pl-PL\",\"@id\":\"https:\/\/modelarzeolsztyn.pl\/#\/schema\/logo\/image\/\",\"url\":\"https:\/\/modelarzeolsztyn.pl\/wp-content\/uploads\/2017\/08\/cropped-logoprzez.png\",\"contentUrl\":\"https:\/\/modelarzeolsztyn.pl\/wp-content\/uploads\/2017\/08\/cropped-logoprzez.png\",\"width\":512,\"height\":512,\"caption\":\"Olszty\u0144skie Stowarzyszenie Modelarzy \\\"Warmia\\\"\"},\"image\":{\"@id\":\"https:\/\/modelarzeolsztyn.pl\/#\/schema\/logo\/image\/\"},\"sameAs\":[\"https:\/\/www.facebook.com\/Olszty\u0144skie-Stowarzyszenie-Modelarzy-Warmia-1049089618478093\/\"]}]}<\/script>\n<!-- \/ Yoast SEO plugin. -->","yoast_head_json":{"title":"Nasze sukcesy - Olszty\u0144skie Stowarzyszenie Modelarzy &quot;Warmia&quot;","robots":{"index":"index","follow":"follow","max-snippet":"max-snippet:-1","max-image-preview":"max-image-preview:large","max-video-preview":"max-video-preview:-1"},"canonical":"https:\/\/modelarzeolsztyn.pl\/index.php\/nasze-sukcesy\/","og_locale":"pl_PL","og_type":"article","og_title":"Nasze sukcesy - Olszty\u0144skie Stowarzyszenie Modelarzy &quot;Warmia&quot;","og_description":"Brak kategorii","og_url":"https:\/\/modelarzeolsztyn.pl\/index.php\/nasze-sukcesy\/","og_site_name":"Olszty\u0144skie Stowarzyszenie Modelarzy &quot;Warmia&quot;","article_publisher":"https:\/\/www.facebook.com\/Olszty%c5%84skie-Stowarzyszenie-Modelarzy-Warmia-1049089618478093\/","article_modified_time":"2017-08-17T08:53:23+00:00","twitter_card":"summary_large_image","schema":{"@context":"https:\/\/schema.org","@graph":[{"@type":"WebPage","@id":"https:\/\/modelarzeolsztyn.pl\/index.php\/nasze-sukcesy\/","url":"https:\/\/modelarzeolsztyn.pl\/index.php\/nasze-sukcesy\/","name":"Nasze sukcesy - Olszty\u0144skie Stowarzyszenie Modelarzy &quot;Warmia&quot;","isPartOf":{"@id":"https:\/\/modelarzeolsztyn.pl\/#website"},"datePublished":"2017-08-17T08:39:32+00:00","dateModified":"2017-08-17T08:53:23+00:00","breadcrumb":{"@id":"https:\/\/modelarzeolsztyn.pl\/index.php\/nasze-sukcesy\/#breadcrumb"},"inLanguage":"pl-PL","potentialAction":[{"@type":"ReadAction","target":["https:\/\/modelarzeolsztyn.pl\/index.php\/nasze-sukcesy\/"]}]},{"@type":"BreadcrumbList","@id":"https:\/\/modelarzeolsztyn.pl\/index.php\/nasze-sukcesy\/#breadcrumb","itemListElement":[{"@type":"ListItem","position":1,"name":"Strona g\u0142\u00f3wna","item":"https:\/\/modelarzeolsztyn.pl\/"},{"@type":"ListItem","position":2,"name":"Nasze sukcesy"}]},{"@type":"WebSite","@id":"https:\/\/modelarzeolsztyn.pl\/#website","url":"https:\/\/modelarzeolsztyn.pl\/","name":"Olszty\u0144skie Stowarzyszenie Modelarzy &quot;Warmia&quot;","description":"Witryna stowarzyszenia zapale\u0144c\u00f3w modelarskich z Olsztyna i okolic","publisher":{"@id":"https:\/\/modelarzeolsztyn.pl\/#organization"},"potentialAction":[{"@type":"SearchAction","target":{"@type":"EntryPoint","urlTemplate":"https:\/\/modelarzeolsztyn.pl\/?s={search_term_string}"},"query-input":{"@type":"PropertyValueSpecification","valueRequired":true,"valueName":"search_term_string"}}],"inLanguage":"pl-PL"},{"@type":"Organization","@id":"https:\/\/modelarzeolsztyn.pl\/#organization","name":"Olszty\u0144skie Stowarzyszenie Modelarzy \"Warmia\"","url":"https:\/\/modelarzeolsztyn.pl\/","logo":{"@type":"ImageObject","inLanguage":"pl-PL","@id":"https:\/\/modelarzeolsztyn.pl\/#\/schema\/logo\/image\/","url":"https:\/\/modelarzeolsztyn.pl\/wp-content\/uploads\/2017\/08\/cropped-logoprzez.png","contentUrl":"https:\/\/modelarzeolsztyn.pl\/wp-content\/uploads\/2017\/08\/cropped-logoprzez.png","width":512,"height":512,"caption":"Olszty\u0144skie Stowarzyszenie Modelarzy \"Warmia\""},"image":{"@id":"https:\/\/modelarzeolsztyn.pl\/#\/schema\/logo\/image\/"},"sameAs":["https:\/\/www.facebook.com\/Olszty\u0144skie-Stowarzyszenie-Modelarzy-Warmia-1049089618478093\/"]}]}},"_links":{"self":[{"href":"https:\/\/modelarzeolsztyn.pl\/index.php\/wp-json\/wp\/v2\/pages\/238"}],"collection":[{"href":"https:\/\/modelarzeolsztyn.pl\/index.php\/wp-json\/wp\/v2\/pages"}],"about":[{"href":"https:\/\/modelarzeolsztyn.pl\/index.php\/wp-json\/wp\/v2\/types\/page"}],"author":[{"embeddable":true,"href":"https:\/\/modelarzeolsztyn.pl\/index.php\/wp-json\/wp\/v2\/users\/1"}],"replies":[{"embeddable":true,"href":"https:\/\/modelarzeolsztyn.pl\/index.php\/wp-json\/wp\/v2\/comments?post=238"}],"version-history":[{"count":3,"href":"https:\/\/modelarzeolsztyn.pl\/index.php\/wp-json\/wp\/v2\/pages\/238\/revisions"}],"predecessor-version":[{"id":248,"href":"https:\/\/modelarzeolsztyn.pl\/index.php\/wp-json\/wp\/v2\/pages\/238\/revisions\/248"}],"wp:attachment":[{"href":"https:\/\/modelarzeolsztyn.pl\/index.php\/wp-json\/wp\/v2\/media?parent=238"}],"curies":[{"name":"wp","href":"https:\/\/api.w.org\/{rel}","templated":true}]}}